{"id":14,"date":"2024-02-27T16:16:46","date_gmt":"2024-02-27T16:16:46","guid":{"rendered":"https:\/\/portfolio.am3digitalmkt.com\/lojaam3\/?post_type=product&#038;p=14"},"modified":"2024-03-04T02:05:37","modified_gmt":"2024-03-04T02:05:37","slug":"conjunto-de-verao-para-bebe-menina-coala-rosa","status":"publish","type":"product","link":"https:\/\/portfolio.am3digitalmkt.com\/lojaam3\/produto\/conjunto-de-verao-para-bebe-menina-coala-rosa\/","title":{"rendered":"Conjunto de P\u00e1scoa para Beb\u00ea Menina Rosa"},"content":{"rendered":"<p>Conjunto Bata e Calcinha &#8211; Coelhinha &#8211; Rosa e BrancoO conjunto Coelhinha, \u00e9 confeccionada em Anarruga e \u00e9 ideal para ser usado em ensaios fotogr\u00e1ficos. Para seu beb\u00ea estar bem lindo para receber as visitas no Natal!<br \/>\nEla possui:-Maciez ao toque, garantindo o conforto;<\/p>\n<p>-Mant\u00e9m a temperatura do beb\u00ea sem super aquecer por isso \u00e9 indicado para todas as esta\u00e7\u00f5es do ano;<\/p>\n<p>-Decote reto e abertura nas costas com dois la\u00e7os dando praticidade;<\/p>\n<p>-Dois bonequinhos tem\u00e1ticos e um la\u00e7o na frente para dar um charme para a pe\u00e7a;<\/p>\n<p>-Calcinha com el\u00e1stico no c\u00f3s e nas perninhas e dois la\u00e7os nas laterais;<\/p>\n","protected":false},"excerpt":{"rendered":"<p>Conjunto Bata e Calcinha &#8211; Coelhinha &#8211; Rosa e BrancoO conjunto Coelhinha, \u00e9 confeccionada em Anarruga e \u00e9 ideal para ser usado em ensaios fotogr\u00e1ficos. Para seu beb\u00ea estar bem lindo para receber as visitas no Natal! Ela possui:-Maciez ao toque, garantindo o conforto; -Mant\u00e9m a temperatura do beb\u00ea sem super aquecer por isso \u00e9 [&hellip;]<\/p>\n","protected":false},"featured_media":516,"comment_status":"open","ping_status":"closed","template":"","meta":[],"product_cat":[19],"product_tag":[],"jetpack_sharing_enabled":true,"_links":{"self":[{"href":"https:\/\/portfolio.am3digitalmkt.com\/lojaam3\/wp-json\/wp\/v2\/product\/14"}],"collection":[{"href":"https:\/\/portfolio.am3digitalmkt.com\/lojaam3\/wp-json\/wp\/v2\/product"}],"about":[{"href":"https:\/\/portfolio.am3digitalmkt.com\/lojaam3\/wp-json\/wp\/v2\/types\/product"}],"replies":[{"embeddable":true,"href":"https:\/\/portfolio.am3digitalmkt.com\/lojaam3\/wp-json\/wp\/v2\/comments?post=14"}],"wp:featuredmedia":[{"embeddable":true,"href":"https:\/\/portfolio.am3digitalmkt.com\/lojaam3\/wp-json\/wp\/v2\/media\/516"}],"wp:attachment":[{"href":"https:\/\/portfolio.am3digitalmkt.com\/lojaam3\/wp-json\/wp\/v2\/media?parent=14"}],"wp:term":[{"taxonomy":"product_cat","embeddable":true,"href":"https:\/\/portfolio.am3digitalmkt.com\/lojaam3\/wp-json\/wp\/v2\/product_cat?post=14"},{"taxonomy":"product_tag","embeddable":true,"href":"https:\/\/portfolio.am3digitalmkt.com\/lojaam3\/wp-json\/wp\/v2\/product_tag?post=14"}],"curies":[{"name":"wp","href":"https:\/\/api.w.org\/{rel}","templated":true}]}}