{"id":8,"date":"2024-02-26T21:07:54","date_gmt":"2024-02-26T21:07:54","guid":{"rendered":"https:\/\/portfolio.am3digitalmkt.com\/lojaam3\/carrinho\/"},"modified":"2024-02-26T21:07:54","modified_gmt":"2024-02-26T21:07:54","slug":"carrinho","status":"publish","type":"page","link":"https:\/\/portfolio.am3digitalmkt.com\/lojaam3\/carrinho\/","title":{"rendered":"Carrinho"},"content":{"rendered":"<div data-block-name=\"woocommerce\/cart\" class=\"wp-block-woocommerce-cart alignwide is-loading\"><div data-block-name=\"woocommerce\/filled-cart-block\" class=\"wp-block-woocommerce-filled-cart-block\"><div data-block-name=\"woocommerce\/cart-items-block\" class=\"wp-block-woocommerce-cart-items-block\"><div data-block-name=\"woocommerce\/cart-line-items-block\" class=\"wp-block-woocommerce-cart-line-items-block\"><\/div>\n\n<div data-block-name=\"woocommerce\/cart-cross-sells-block\" class=\"wp-block-woocommerce-cart-cross-sells-block\">\n<h2 class=\"wp-block-heading has-large-font-size\">You may be interested in\u2026<\/h2>\n\n\n<div data-block-name=\"woocommerce\/cart-cross-sells-products-block\" class=\"wp-block-woocommerce-cart-cross-sells-products-block\"><\/div><\/div><\/div>\n\n<div data-block-name=\"woocommerce\/cart-totals-block\" class=\"wp-block-woocommerce-cart-totals-block\"><div data-block-name=\"woocommerce\/cart-order-summary-block\" class=\"wp-block-woocommerce-cart-order-summary-block\"><div data-block-name=\"woocommerce\/cart-order-summary-heading-block\" class=\"wp-block-woocommerce-cart-order-summary-heading-block\"><\/div>\n\n<div data-block-name=\"woocommerce\/cart-order-summary-coupon-form-block\" class=\"wp-block-woocommerce-cart-order-summary-coupon-form-block\"><\/div>\n\n<div data-block-name=\"woocommerce\/cart-order-summary-subtotal-block\" class=\"wp-block-woocommerce-cart-order-summary-subtotal-block\"><\/div>\n\n<div data-block-name=\"woocommerce\/cart-order-summary-fee-block\" class=\"wp-block-woocommerce-cart-order-summary-fee-block\"><\/div>\n\n<div data-block-name=\"woocommerce\/cart-order-summary-discount-block\" class=\"wp-block-woocommerce-cart-order-summary-discount-block\"><\/div>\n\n<div data-block-name=\"woocommerce\/cart-order-summary-shipping-block\" class=\"wp-block-woocommerce-cart-order-summary-shipping-block\"><\/div>\n\n<div data-block-name=\"woocommerce\/cart-order-summary-taxes-block\" class=\"wp-block-woocommerce-cart-order-summary-taxes-block\"><\/div><\/div>\n\n<div data-block-name=\"woocommerce\/cart-express-payment-block\" class=\"wp-block-woocommerce-cart-express-payment-block\"><\/div>\n\n<div data-block-name=\"woocommerce\/proceed-to-checkout-block\" class=\"wp-block-woocommerce-proceed-to-checkout-block\"><\/div>\n\n<div data-block-name=\"woocommerce\/cart-accepted-payment-methods-block\" class=\"wp-block-woocommerce-cart-accepted-payment-methods-block\"><\/div><\/div><\/div>\n\n<div data-block-name=\"woocommerce\/empty-cart-block\" class=\"wp-block-woocommerce-empty-cart-block\">\n<h2 class=\"wp-block-heading has-text-align-center with-empty-cart-icon wc-block-cart__empty-cart__title\">Seu carrinho est\u00e1 vazio no momento!<\/h2>\n\n\n\n<hr class=\"wp-block-separator has-alpha-channel-opacity is-style-dots\"\/>\n\n\n\n<h2 class=\"wp-block-heading has-text-align-center\">Novo na loja<\/h2>\n\n\n<div data-block-name=\"woocommerce\/product-new\" data-columns=\"4\" data-rows=\"1\" class=\"wc-block-grid wp-block-product-new wc-block-product-new has-4-columns\"><ul class=\"wc-block-grid__products\"><li class=\"wc-block-grid__product\">\n\t\t\t\t<a href=\"https:\/\/portfolio.am3digitalmkt.com\/lojaam3\/produto\/conjunto-para-bebe-body-e-calca-jeans-bordado-urso-marinho\/\" class=\"wc-block-grid__product-link\">\n\t\t\t\t\t<div class=\"wc-block-grid__product-onsale\">\n\t\t\t<span aria-hidden=\"true\">Oferta<\/span>\n\t\t\t<span class=\"screen-reader-text\">Produto em promo\u00e7\u00e3o<\/span>\n\t\t<\/div>\n\t\t\t\t\t<div class=\"wc-block-grid__product-image\"><img decoding=\"async\" width=\"200\" height=\"200\" src=\"https:\/\/portfolio.am3digitalmkt.com\/lojaam3\/wp-content\/uploads\/2024\/03\/48542_5.jpg\" class=\"attachment-woocommerce_thumbnail size-woocommerce_thumbnail\" alt=\"CONJUNTO PARA BEB\u00ca BODY E CAL\u00c7A JEANS BORDADO URSO MARINHO\" srcset=\"https:\/\/portfolio.am3digitalmkt.com\/lojaam3\/wp-content\/uploads\/2024\/03\/48542_5.jpg 200w, https:\/\/portfolio.am3digitalmkt.com\/lojaam3\/wp-content\/uploads\/2024\/03\/48542_5-150x150.jpg 150w, https:\/\/portfolio.am3digitalmkt.com\/lojaam3\/wp-content\/uploads\/2024\/03\/48542_5-100x100.jpg 100w, https:\/\/portfolio.am3digitalmkt.com\/lojaam3\/wp-content\/uploads\/2024\/03\/48542_5-64x64.jpg 64w\" sizes=\"(max-width: 200px) 100vw, 200px\" \/><\/div>\n\t\t\t\t\t<div class=\"wc-block-grid__product-title\">CONJUNTO PARA BEB\u00ca BODY E CAL\u00c7A JEANS BORDADO URSO MARINHO<\/div>\n\t\t\t\t<\/a>\n\t\t\t\t<div class=\"wc-block-grid__product-price price\"><del aria-hidden=\"true\"><span class=\"woocommerce-Price-amount amount\"><span class=\"woocommerce-Price-currencySymbol\">&#082;&#036;<\/span>&nbsp;89,90<\/span><\/del> <ins><span class=\"woocommerce-Price-amount amount\"><span class=\"woocommerce-Price-currencySymbol\">&#082;&#036;<\/span>&nbsp;79,90<\/span><\/ins><\/div>\n\t\t\t\t\n\t\t\t\t<div class=\"wp-block-button wc-block-grid__product-add-to-cart\"><a href=\"https:\/\/portfolio.am3digitalmkt.com\/lojaam3\/produto\/conjunto-para-bebe-body-e-calca-jeans-bordado-urso-marinho\/\" aria-label=\"Selecione as op\u00e7\u00f5es para &ldquo;CONJUNTO PARA BEB\u00ca BODY E CAL\u00c7A JEANS BORDADO URSO MARINHO&rdquo;\" data-quantity=\"1\" data-product_id=\"504\" data-product_sku=\"\" data-price=\"79.9\" rel=\"nofollow\" class=\"wp-block-button__link  add_to_cart_button\">Ver op\u00e7\u00f5es<\/a><\/div>\n\t\t\t<\/li><li class=\"wc-block-grid__product\">\n\t\t\t\t<a href=\"https:\/\/portfolio.am3digitalmkt.com\/lojaam3\/produto\/macacao-bebe-coala-e-coelho-com-ziper\/\" class=\"wc-block-grid__product-link\">\n\t\t\t\t\t\n\t\t\t\t\t<div class=\"wc-block-grid__product-image\"><img fetchpriority=\"high\" decoding=\"async\" width=\"300\" height=\"300\" src=\"https:\/\/portfolio.am3digitalmkt.com\/lojaam3\/wp-content\/uploads\/2024\/02\/1P879810-300x300.jpg\" class=\"attachment-woocommerce_thumbnail size-woocommerce_thumbnail\" alt=\"Macac\u00e3o beb\u00ea manga longa com ziper\" srcset=\"https:\/\/portfolio.am3digitalmkt.com\/lojaam3\/wp-content\/uploads\/2024\/02\/1P879810-300x300.jpg 300w, https:\/\/portfolio.am3digitalmkt.com\/lojaam3\/wp-content\/uploads\/2024\/02\/1P879810-150x150.jpg 150w, https:\/\/portfolio.am3digitalmkt.com\/lojaam3\/wp-content\/uploads\/2024\/02\/1P879810-100x100.jpg 100w\" sizes=\"(max-width: 300px) 100vw, 300px\" \/><\/div>\n\t\t\t\t\t<div class=\"wc-block-grid__product-title\">Macac\u00e3o beb\u00ea manga longa com ziper<\/div>\n\t\t\t\t<\/a>\n\t\t\t\t<div class=\"wc-block-grid__product-price price\"><span class=\"woocommerce-Price-amount amount\"><span class=\"woocommerce-Price-currencySymbol\">&#082;&#036;<\/span>&nbsp;120,00<\/span><\/div>\n\t\t\t\t<div class=\"wc-block-grid__product-rating\"><div class=\"star-rating\" role=\"img\" aria-label=\"Avalia\u00e7\u00e3o 5.00 de 5\"><span style=\"width:100%\">Avaliado como <strong class=\"rating\">5.00<\/strong> de 5, com baseado em <span class=\"rating\">1<\/span> avalia\u00e7\u00e3o de cliente<\/span><\/div><\/div>\n\t\t\t\t<div class=\"wp-block-button wc-block-grid__product-add-to-cart\"><a href=\"https:\/\/portfolio.am3digitalmkt.com\/lojaam3\/produto\/macacao-bebe-coala-e-coelho-com-ziper\/\" aria-label=\"Selecione as op\u00e7\u00f5es para &ldquo;Macac\u00e3o beb\u00ea manga longa com ziper&rdquo;\" data-quantity=\"1\" data-product_id=\"16\" data-product_sku=\"\" data-price=\"120\" rel=\"nofollow\" class=\"wp-block-button__link  add_to_cart_button\">Ver op\u00e7\u00f5es<\/a><\/div>\n\t\t\t<\/li><li class=\"wc-block-grid__product\">\n\t\t\t\t<a href=\"https:\/\/portfolio.am3digitalmkt.com\/lojaam3\/produto\/conjunto-de-verao-para-bebe-menina-coala-rosa\/\" class=\"wc-block-grid__product-link\">\n\t\t\t\t\t<div class=\"wc-block-grid__product-onsale\">\n\t\t\t<span aria-hidden=\"true\">Oferta<\/span>\n\t\t\t<span class=\"screen-reader-text\">Produto em promo\u00e7\u00e3o<\/span>\n\t\t<\/div>\n\t\t\t\t\t<div class=\"wc-block-grid__product-image\"><img decoding=\"async\" width=\"300\" height=\"300\" src=\"https:\/\/portfolio.am3digitalmkt.com\/lojaam3\/wp-content\/uploads\/2024\/02\/reduzido60-laleblu-fev24-300x300.jpg\" class=\"attachment-woocommerce_thumbnail size-woocommerce_thumbnail\" alt=\"Conjunto de P\u00e1scoa para Beb\u00ea Menina Rosa\" srcset=\"https:\/\/portfolio.am3digitalmkt.com\/lojaam3\/wp-content\/uploads\/2024\/02\/reduzido60-laleblu-fev24-300x300.jpg 300w, https:\/\/portfolio.am3digitalmkt.com\/lojaam3\/wp-content\/uploads\/2024\/02\/reduzido60-laleblu-fev24-150x150.jpg 150w, https:\/\/portfolio.am3digitalmkt.com\/lojaam3\/wp-content\/uploads\/2024\/02\/reduzido60-laleblu-fev24-768x768.jpg 768w, https:\/\/portfolio.am3digitalmkt.com\/lojaam3\/wp-content\/uploads\/2024\/02\/reduzido60-laleblu-fev24-600x600.jpg 600w, https:\/\/portfolio.am3digitalmkt.com\/lojaam3\/wp-content\/uploads\/2024\/02\/reduzido60-laleblu-fev24-100x100.jpg 100w, https:\/\/portfolio.am3digitalmkt.com\/lojaam3\/wp-content\/uploads\/2024\/02\/reduzido60-laleblu-fev24-64x64.jpg 64w, https:\/\/portfolio.am3digitalmkt.com\/lojaam3\/wp-content\/uploads\/2024\/02\/reduzido60-laleblu-fev24.jpg 900w\" sizes=\"(max-width: 300px) 100vw, 300px\" \/><\/div>\n\t\t\t\t\t<div class=\"wc-block-grid__product-title\">Conjunto de P\u00e1scoa para Beb\u00ea Menina Rosa<\/div>\n\t\t\t\t<\/a>\n\t\t\t\t<div class=\"wc-block-grid__product-price price\"><del aria-hidden=\"true\"><span class=\"woocommerce-Price-amount amount\"><span class=\"woocommerce-Price-currencySymbol\">&#082;&#036;<\/span>&nbsp;29,99<\/span><\/del> <ins><span class=\"woocommerce-Price-amount amount\"><span class=\"woocommerce-Price-currencySymbol\">&#082;&#036;<\/span>&nbsp;15,99<\/span><\/ins><\/div>\n\t\t\t\t\n\t\t\t\t<div class=\"wp-block-button wc-block-grid__product-add-to-cart\"><a href=\"?add-to-cart=14\" aria-label=\"Add to cart: &ldquo;Conjunto de P\u00e1scoa para Beb\u00ea Menina Rosa&rdquo;\" data-quantity=\"1\" data-product_id=\"14\" data-product_sku=\"\" data-price=\"15.99\" rel=\"nofollow\" class=\"wp-block-button__link  add_to_cart_button ajax_add_to_cart\">Comprar<\/a><\/div>\n\t\t\t<\/li><\/ul><\/div><\/div><\/div>","protected":false},"excerpt":{"rendered":"","protected":false},"author":1,"featured_media":0,"parent":0,"menu_order":0,"comment_status":"closed","ping_status":"closed","template":"","meta":{"footnotes":""},"jetpack_sharing_enabled":true,"_links":{"self":[{"href":"https:\/\/portfolio.am3digitalmkt.com\/lojaam3\/wp-json\/wp\/v2\/pages\/8"}],"collection":[{"href":"https:\/\/portfolio.am3digitalmkt.com\/lojaam3\/wp-json\/wp\/v2\/pages"}],"about":[{"href":"https:\/\/portfolio.am3digitalmkt.com\/lojaam3\/wp-json\/wp\/v2\/types\/page"}],"author":[{"embeddable":true,"href":"https:\/\/portfolio.am3digitalmkt.com\/lojaam3\/wp-json\/wp\/v2\/users\/1"}],"replies":[{"embeddable":true,"href":"https:\/\/portfolio.am3digitalmkt.com\/lojaam3\/wp-json\/wp\/v2\/comments?post=8"}],"version-history":[{"count":0,"href":"https:\/\/portfolio.am3digitalmkt.com\/lojaam3\/wp-json\/wp\/v2\/pages\/8\/revisions"}],"wp:attachment":[{"href":"https:\/\/portfolio.am3digitalmkt.com\/lojaam3\/wp-json\/wp\/v2\/media?parent=8"}],"curies":[{"name":"wp","href":"https:\/\/api.w.org\/{rel}","templated":true}]}}