{"id":60,"date":"2024-02-27T21:33:30","date_gmt":"2024-02-27T21:33:30","guid":{"rendered":"https:\/\/portfolio.am3digitalmkt.com\/lojaam3\/?page_id=60"},"modified":"2024-03-27T02:27:17","modified_gmt":"2024-03-27T02:27:17","slug":"home","status":"publish","type":"page","link":"https:\/\/portfolio.am3digitalmkt.com\/lojaam3\/","title":{"rendered":"Home"},"content":{"rendered":"\t\t<div data-elementor-type=\"wp-page\" data-elementor-id=\"60\" class=\"elementor elementor-60\">\n\t\t\t\t<a class=\"elementor-element elementor-element-370fec3 e-flex e-con-boxed e-con e-parent\" data-id=\"370fec3\" data-element_type=\"container\" data-settings=\"{&quot;background_background&quot;:&quot;classic&quot;}\" data-core-v316-plus=\"true\" href=\"https:\/\/portfolio.am3digitalmkt.com\/lojaam3\/loja\/\">\n\t\t\t\t\t<div class=\"e-con-inner\">\n\t\t\t\t\t<\/div>\n\t\t\t\t<\/a>\n\t\t<div class=\"elementor-element elementor-element-779803d e-flex e-con-boxed elementor-invisible e-con e-parent\" data-id=\"779803d\" data-element_type=\"container\" data-settings=\"{&quot;animation&quot;:&quot;fadeIn&quot;}\" data-core-v316-plus=\"true\">\n\t\t\t\t\t<div class=\"e-con-inner\">\n\t\t\t\t<div class=\"elementor-element elementor-element-103cab7 elementor-widget__width-initial elementor-widget elementor-widget-heading\" data-id=\"103cab7\" data-element_type=\"widget\" data-widget_type=\"heading.default\">\n\t\t\t\t<div class=\"elementor-widget-container\">\n\t\t\t<style>\/*! elementor - v3.20.0 - 26-03-2024 *\/\n.elementor-heading-title{padding:0;margin:0;line-height:1}.elementor-widget-heading .elementor-heading-title[class*=elementor-size-]>a{color:inherit;font-size:inherit;line-height:inherit}.elementor-widget-heading .elementor-heading-title.elementor-size-small{font-size:15px}.elementor-widget-heading .elementor-heading-title.elementor-size-medium{font-size:19px}.elementor-widget-heading .elementor-heading-title.elementor-size-large{font-size:29px}.elementor-widget-heading .elementor-heading-title.elementor-size-xl{font-size:39px}.elementor-widget-heading .elementor-heading-title.elementor-size-xxl{font-size:59px}<\/style><h2 class=\"elementor-heading-title elementor-size-default\">Compre por categoria:<\/h2>\t\t<\/div>\n\t\t\t\t<\/div>\n\t\t\t\t<div class=\"elementor-element elementor-element-e56a291 elementor-align-right elementor-widget__width-initial elementor-widget elementor-widget-button\" data-id=\"e56a291\" data-element_type=\"widget\" data-widget_type=\"button.default\">\n\t\t\t\t<div class=\"elementor-widget-container\">\n\t\t\t\t\t<div class=\"elementor-button-wrapper\">\n\t\t\t<a class=\"elementor-button elementor-button-link elementor-size-sm\" href=\"https:\/\/portfolio.am3digitalmkt.com\/lojaam3\/loja\/\">\n\t\t\t\t\t\t<span class=\"elementor-button-content-wrapper\">\n\t\t\t\t\t\t<span class=\"elementor-button-icon elementor-align-icon-right\">\n\t\t\t\t<svg aria-hidden=\"true\" class=\"e-font-icon-svg e-fas-long-arrow-alt-right\" viewBox=\"0 0 448 512\" xmlns=\"http:\/\/www.w3.org\/2000\/svg\"><path d=\"M313.941 216H12c-6.627 0-12 5.373-12 12v56c0 6.627 5.373 12 12 12h301.941v46.059c0 21.382 25.851 32.09 40.971 16.971l86.059-86.059c9.373-9.373 9.373-24.569 0-33.941l-86.059-86.059c-15.119-15.119-40.971-4.411-40.971 16.971V216z\"><\/path><\/svg>\t\t\t<\/span>\n\t\t\t\t\t\t<span class=\"elementor-button-text\">Ver tudo<\/span>\n\t\t<\/span>\n\t\t\t\t\t<\/a>\n\t\t<\/div>\n\t\t\t\t<\/div>\n\t\t\t\t<\/div>\n\t\t\t\t<div class=\"elementor-element elementor-element-70e119c elementor-widget__width-initial elementor-position-top elementor-widget elementor-widget-image-box\" data-id=\"70e119c\" data-element_type=\"widget\" data-widget_type=\"image-box.default\">\n\t\t\t\t<div class=\"elementor-widget-container\">\n\t\t\t<style>\/*! elementor - v3.20.0 - 26-03-2024 *\/\n.elementor-widget-image-box .elementor-image-box-content{width:100%}@media (min-width:768px){.elementor-widget-image-box.elementor-position-left .elementor-image-box-wrapper,.elementor-widget-image-box.elementor-position-right .elementor-image-box-wrapper{display:flex}.elementor-widget-image-box.elementor-position-right .elementor-image-box-wrapper{text-align:right;flex-direction:row-reverse}.elementor-widget-image-box.elementor-position-left .elementor-image-box-wrapper{text-align:left;flex-direction:row}.elementor-widget-image-box.elementor-position-top .elementor-image-box-img{margin:auto}.elementor-widget-image-box.elementor-vertical-align-top .elementor-image-box-wrapper{align-items:flex-start}.elementor-widget-image-box.elementor-vertical-align-middle .elementor-image-box-wrapper{align-items:center}.elementor-widget-image-box.elementor-vertical-align-bottom .elementor-image-box-wrapper{align-items:flex-end}}@media (max-width:767px){.elementor-widget-image-box .elementor-image-box-img{margin-left:auto!important;margin-right:auto!important;margin-bottom:15px}}.elementor-widget-image-box .elementor-image-box-img{display:inline-block}.elementor-widget-image-box .elementor-image-box-title a{color:inherit}.elementor-widget-image-box .elementor-image-box-wrapper{text-align:center}.elementor-widget-image-box .elementor-image-box-description{margin:0}<\/style><div class=\"elementor-image-box-wrapper\"><figure class=\"elementor-image-box-img\"><img fetchpriority=\"high\" decoding=\"async\" width=\"300\" height=\"300\" src=\"https:\/\/portfolio.am3digitalmkt.com\/lojaam3\/wp-content\/uploads\/2024\/02\/bebe-menina.png\" class=\"elementor-animation-grow attachment-full size-full wp-image-236\" alt=\"\" srcset=\"https:\/\/portfolio.am3digitalmkt.com\/lojaam3\/wp-content\/uploads\/2024\/02\/bebe-menina.png 300w, https:\/\/portfolio.am3digitalmkt.com\/lojaam3\/wp-content\/uploads\/2024\/02\/bebe-menina-100x100.png 100w, https:\/\/portfolio.am3digitalmkt.com\/lojaam3\/wp-content\/uploads\/2024\/02\/bebe-menina-64x64.png 64w, https:\/\/portfolio.am3digitalmkt.com\/lojaam3\/wp-content\/uploads\/2024\/02\/bebe-menina-150x150.png 150w\" sizes=\"(max-width: 300px) 100vw, 300px\" \/><\/figure><div class=\"elementor-image-box-content\"><h3 class=\"elementor-image-box-title\">Bebe Menina<\/h3><\/div><\/div>\t\t<\/div>\n\t\t\t\t<\/div>\n\t\t\t\t<div class=\"elementor-element elementor-element-232cf3e elementor-widget__width-initial elementor-position-top elementor-widget elementor-widget-image-box\" data-id=\"232cf3e\" data-element_type=\"widget\" data-widget_type=\"image-box.default\">\n\t\t\t\t<div class=\"elementor-widget-container\">\n\t\t\t<div class=\"elementor-image-box-wrapper\"><figure class=\"elementor-image-box-img\"><img decoding=\"async\" width=\"300\" height=\"300\" src=\"https:\/\/portfolio.am3digitalmkt.com\/lojaam3\/wp-content\/uploads\/2024\/02\/bebe-menino.png\" class=\"elementor-animation-grow attachment-full size-full wp-image-237\" alt=\"\" srcset=\"https:\/\/portfolio.am3digitalmkt.com\/lojaam3\/wp-content\/uploads\/2024\/02\/bebe-menino.png 300w, https:\/\/portfolio.am3digitalmkt.com\/lojaam3\/wp-content\/uploads\/2024\/02\/bebe-menino-100x100.png 100w, https:\/\/portfolio.am3digitalmkt.com\/lojaam3\/wp-content\/uploads\/2024\/02\/bebe-menino-64x64.png 64w, https:\/\/portfolio.am3digitalmkt.com\/lojaam3\/wp-content\/uploads\/2024\/02\/bebe-menino-150x150.png 150w\" sizes=\"(max-width: 300px) 100vw, 300px\" \/><\/figure><div class=\"elementor-image-box-content\"><h3 class=\"elementor-image-box-title\">Bebe Menino<\/h3><\/div><\/div>\t\t<\/div>\n\t\t\t\t<\/div>\n\t\t\t\t<div class=\"elementor-element elementor-element-5da71a0 elementor-widget__width-initial elementor-position-top elementor-widget elementor-widget-image-box\" data-id=\"5da71a0\" data-element_type=\"widget\" data-widget_type=\"image-box.default\">\n\t\t\t\t<div class=\"elementor-widget-container\">\n\t\t\t<div class=\"elementor-image-box-wrapper\"><figure class=\"elementor-image-box-img\"><img decoding=\"async\" width=\"300\" height=\"300\" src=\"https:\/\/portfolio.am3digitalmkt.com\/lojaam3\/wp-content\/uploads\/2024\/02\/3.png\" class=\"elementor-animation-grow attachment-full size-full wp-image-233\" alt=\"\" srcset=\"https:\/\/portfolio.am3digitalmkt.com\/lojaam3\/wp-content\/uploads\/2024\/02\/3.png 300w, https:\/\/portfolio.am3digitalmkt.com\/lojaam3\/wp-content\/uploads\/2024\/02\/3-100x100.png 100w, https:\/\/portfolio.am3digitalmkt.com\/lojaam3\/wp-content\/uploads\/2024\/02\/3-64x64.png 64w, https:\/\/portfolio.am3digitalmkt.com\/lojaam3\/wp-content\/uploads\/2024\/02\/3-150x150.png 150w\" sizes=\"(max-width: 300px) 100vw, 300px\" \/><\/figure><div class=\"elementor-image-box-content\"><h3 class=\"elementor-image-box-title\">Conjuntos<\/h3><\/div><\/div>\t\t<\/div>\n\t\t\t\t<\/div>\n\t\t\t\t<div class=\"elementor-element elementor-element-ce24e3d elementor-widget__width-initial elementor-position-top elementor-widget elementor-widget-image-box\" data-id=\"ce24e3d\" data-element_type=\"widget\" data-widget_type=\"image-box.default\">\n\t\t\t\t<div class=\"elementor-widget-container\">\n\t\t\t<div class=\"elementor-image-box-wrapper\"><figure class=\"elementor-image-box-img\"><img loading=\"lazy\" decoding=\"async\" width=\"300\" height=\"300\" src=\"https:\/\/portfolio.am3digitalmkt.com\/lojaam3\/wp-content\/uploads\/2024\/02\/4.png\" class=\"elementor-animation-grow attachment-full size-full wp-image-234\" alt=\"\" srcset=\"https:\/\/portfolio.am3digitalmkt.com\/lojaam3\/wp-content\/uploads\/2024\/02\/4.png 300w, https:\/\/portfolio.am3digitalmkt.com\/lojaam3\/wp-content\/uploads\/2024\/02\/4-100x100.png 100w, https:\/\/portfolio.am3digitalmkt.com\/lojaam3\/wp-content\/uploads\/2024\/02\/4-64x64.png 64w, https:\/\/portfolio.am3digitalmkt.com\/lojaam3\/wp-content\/uploads\/2024\/02\/4-150x150.png 150w\" sizes=\"(max-width: 300px) 100vw, 300px\" \/><\/figure><div class=\"elementor-image-box-content\"><h3 class=\"elementor-image-box-title\">Bodies<\/h3><\/div><\/div>\t\t<\/div>\n\t\t\t\t<\/div>\n\t\t\t\t<div class=\"elementor-element elementor-element-ab7a61d elementor-widget__width-initial elementor-position-top elementor-widget elementor-widget-image-box\" data-id=\"ab7a61d\" data-element_type=\"widget\" data-widget_type=\"image-box.default\">\n\t\t\t\t<div class=\"elementor-widget-container\">\n\t\t\t<div class=\"elementor-image-box-wrapper\"><figure class=\"elementor-image-box-img\"><img loading=\"lazy\" decoding=\"async\" width=\"300\" height=\"300\" src=\"https:\/\/portfolio.am3digitalmkt.com\/lojaam3\/wp-content\/uploads\/2024\/02\/5.png\" class=\"elementor-animation-grow attachment-full size-full wp-image-235\" alt=\"\" srcset=\"https:\/\/portfolio.am3digitalmkt.com\/lojaam3\/wp-content\/uploads\/2024\/02\/5.png 300w, https:\/\/portfolio.am3digitalmkt.com\/lojaam3\/wp-content\/uploads\/2024\/02\/5-100x100.png 100w, https:\/\/portfolio.am3digitalmkt.com\/lojaam3\/wp-content\/uploads\/2024\/02\/5-64x64.png 64w, https:\/\/portfolio.am3digitalmkt.com\/lojaam3\/wp-content\/uploads\/2024\/02\/5-150x150.png 150w\" sizes=\"(max-width: 300px) 100vw, 300px\" \/><\/figure><div class=\"elementor-image-box-content\"><h3 class=\"elementor-image-box-title\">Cal\u00e7ados<\/h3><\/div><\/div>\t\t<\/div>\n\t\t\t\t<\/div>\n\t\t\t\t<div class=\"elementor-element elementor-element-17e6366 elementor-widget__width-initial elementor-position-top elementor-widget elementor-widget-image-box\" data-id=\"17e6366\" data-element_type=\"widget\" data-widget_type=\"image-box.default\">\n\t\t\t\t<div class=\"elementor-widget-container\">\n\t\t\t<div class=\"elementor-image-box-wrapper\"><figure class=\"elementor-image-box-img\"><img loading=\"lazy\" decoding=\"async\" width=\"300\" height=\"300\" src=\"https:\/\/portfolio.am3digitalmkt.com\/lojaam3\/wp-content\/uploads\/2024\/02\/baby-accesso.png\" class=\"elementor-animation-grow attachment-full size-full wp-image-238\" alt=\"\" srcset=\"https:\/\/portfolio.am3digitalmkt.com\/lojaam3\/wp-content\/uploads\/2024\/02\/baby-accesso.png 300w, https:\/\/portfolio.am3digitalmkt.com\/lojaam3\/wp-content\/uploads\/2024\/02\/baby-accesso-100x100.png 100w, https:\/\/portfolio.am3digitalmkt.com\/lojaam3\/wp-content\/uploads\/2024\/02\/baby-accesso-64x64.png 64w, https:\/\/portfolio.am3digitalmkt.com\/lojaam3\/wp-content\/uploads\/2024\/02\/baby-accesso-150x150.png 150w\" sizes=\"(max-width: 300px) 100vw, 300px\" \/><\/figure><div class=\"elementor-image-box-content\"><h3 class=\"elementor-image-box-title\">Acess\u00f3rios<\/h3><\/div><\/div>\t\t<\/div>\n\t\t\t\t<\/div>\n\t\t\t\t\t<\/div>\n\t\t\t\t<\/div>\n\t\t<div class=\"elementor-element elementor-element-ab254fd e-flex e-con-boxed elementor-invisible e-con e-parent\" data-id=\"ab254fd\" data-element_type=\"container\" data-settings=\"{&quot;animation&quot;:&quot;fadeIn&quot;}\" data-core-v316-plus=\"true\">\n\t\t\t\t\t<div class=\"e-con-inner\">\n\t\t\t\t<div class=\"elementor-element elementor-element-ff7ec86 elementor-widget-divider--view-line_text elementor-widget-divider--element-align-center elementor-widget elementor-widget-divider\" data-id=\"ff7ec86\" data-element_type=\"widget\" data-widget_type=\"divider.default\">\n\t\t\t\t<div class=\"elementor-widget-container\">\n\t\t\t<style>\/*! elementor - v3.20.0 - 26-03-2024 *\/\n.elementor-widget-divider{--divider-border-style:none;--divider-border-width:1px;--divider-color:#0c0d0e;--divider-icon-size:20px;--divider-element-spacing:10px;--divider-pattern-height:24px;--divider-pattern-size:20px;--divider-pattern-url:none;--divider-pattern-repeat:repeat-x}.elementor-widget-divider .elementor-divider{display:flex}.elementor-widget-divider .elementor-divider__text{font-size:15px;line-height:1;max-width:95%}.elementor-widget-divider .elementor-divider__element{margin:0 var(--divider-element-spacing);flex-shrink:0}.elementor-widget-divider .elementor-icon{font-size:var(--divider-icon-size)}.elementor-widget-divider .elementor-divider-separator{display:flex;margin:0;direction:ltr}.elementor-widget-divider--view-line_icon .elementor-divider-separator,.elementor-widget-divider--view-line_text .elementor-divider-separator{align-items:center}.elementor-widget-divider--view-line_icon .elementor-divider-separator:after,.elementor-widget-divider--view-line_icon .elementor-divider-separator:before,.elementor-widget-divider--view-line_text .elementor-divider-separator:after,.elementor-widget-divider--view-line_text .elementor-divider-separator:before{display:block;content:\"\";border-block-end:0;flex-grow:1;border-block-start:var(--divider-border-width) var(--divider-border-style) var(--divider-color)}.elementor-widget-divider--element-align-left .elementor-divider .elementor-divider-separator>.elementor-divider__svg:first-of-type{flex-grow:0;flex-shrink:100}.elementor-widget-divider--element-align-left .elementor-divider-separator:before{content:none}.elementor-widget-divider--element-align-left .elementor-divider__element{margin-left:0}.elementor-widget-divider--element-align-right .elementor-divider .elementor-divider-separator>.elementor-divider__svg:last-of-type{flex-grow:0;flex-shrink:100}.elementor-widget-divider--element-align-right .elementor-divider-separator:after{content:none}.elementor-widget-divider--element-align-right .elementor-divider__element{margin-right:0}.elementor-widget-divider--element-align-start .elementor-divider .elementor-divider-separator>.elementor-divider__svg:first-of-type{flex-grow:0;flex-shrink:100}.elementor-widget-divider--element-align-start .elementor-divider-separator:before{content:none}.elementor-widget-divider--element-align-start .elementor-divider__element{margin-inline-start:0}.elementor-widget-divider--element-align-end .elementor-divider .elementor-divider-separator>.elementor-divider__svg:last-of-type{flex-grow:0;flex-shrink:100}.elementor-widget-divider--element-align-end .elementor-divider-separator:after{content:none}.elementor-widget-divider--element-align-end .elementor-divider__element{margin-inline-end:0}.elementor-widget-divider:not(.elementor-widget-divider--view-line_text):not(.elementor-widget-divider--view-line_icon) .elementor-divider-separator{border-block-start:var(--divider-border-width) var(--divider-border-style) var(--divider-color)}.elementor-widget-divider--separator-type-pattern{--divider-border-style:none}.elementor-widget-divider--separator-type-pattern.elementor-widget-divider--view-line .elementor-divider-separator,.elementor-widget-divider--separator-type-pattern:not(.elementor-widget-divider--view-line) .elementor-divider-separator:after,.elementor-widget-divider--separator-type-pattern:not(.elementor-widget-divider--view-line) .elementor-divider-separator:before,.elementor-widget-divider--separator-type-pattern:not([class*=elementor-widget-divider--view]) .elementor-divider-separator{width:100%;min-height:var(--divider-pattern-height);-webkit-mask-size:var(--divider-pattern-size) 100%;mask-size:var(--divider-pattern-size) 100%;-webkit-mask-repeat:var(--divider-pattern-repeat);mask-repeat:var(--divider-pattern-repeat);background-color:var(--divider-color);-webkit-mask-image:var(--divider-pattern-url);mask-image:var(--divider-pattern-url)}.elementor-widget-divider--no-spacing{--divider-pattern-size:auto}.elementor-widget-divider--bg-round{--divider-pattern-repeat:round}.rtl .elementor-widget-divider .elementor-divider__text{direction:rtl}.e-con-inner>.elementor-widget-divider,.e-con>.elementor-widget-divider{width:var(--container-widget-width,100%);--flex-grow:var(--container-widget-flex-grow)}<\/style>\t\t<div class=\"elementor-divider\">\n\t\t\t<span class=\"elementor-divider-separator\">\n\t\t\t\t\t\t\t<h1 class=\"elementor-divider__text elementor-divider__element\">\n\t\t\t\tLAN\u00c7AMENTOS\t\t\t\t<\/h1>\n\t\t\t\t\t\t<\/span>\n\t\t<\/div>\n\t\t\t\t<\/div>\n\t\t\t\t<\/div>\n\t\t\t\t<div class=\"elementor-element elementor-element-d3329eb elementor-align-center elementor-widget elementor-widget-shopengine-product-list\" data-id=\"d3329eb\" data-element_type=\"widget\" data-widget_type=\"shopengine-product-list.default\">\n\t\t\t\t<div class=\"elementor-widget-container\">\n\t\t\t<div class=\"shopengine shopengine-widget\"><\/div>\t\t<\/div>\n\t\t\t\t<\/div>\n\t\t<div class=\"elementor-element elementor-element-098e4c0 e-flex e-con-boxed e-con e-child\" data-id=\"098e4c0\" data-element_type=\"container\">\n\t\t\t\t\t<div class=\"e-con-inner\">\n\t\t\t\t<div class=\"elementor-element elementor-element-588ac37 elementor-widget__width-initial elementor-widget elementor-widget-image\" data-id=\"588ac37\" data-element_type=\"widget\" data-widget_type=\"image.default\">\n\t\t\t\t<div class=\"elementor-widget-container\">\n\t\t\t<style>\/*! elementor - v3.20.0 - 26-03-2024 *\/\n.elementor-widget-image{text-align:center}.elementor-widget-image a{display:inline-block}.elementor-widget-image a img[src$=\".svg\"]{width:48px}.elementor-widget-image img{vertical-align:middle;display:inline-block}<\/style>\t\t\t\t\t\t\t\t\t\t<img loading=\"lazy\" decoding=\"async\" width=\"1080\" height=\"1372\" src=\"https:\/\/portfolio.am3digitalmkt.com\/lojaam3\/wp-content\/uploads\/2024\/02\/1.png\" class=\"elementor-animation-float attachment-full size-full wp-image-270\" alt=\"\" srcset=\"https:\/\/portfolio.am3digitalmkt.com\/lojaam3\/wp-content\/uploads\/2024\/02\/1.png 1080w, https:\/\/portfolio.am3digitalmkt.com\/lojaam3\/wp-content\/uploads\/2024\/02\/1-600x762.png 600w, https:\/\/portfolio.am3digitalmkt.com\/lojaam3\/wp-content\/uploads\/2024\/02\/1-64x81.png 64w, https:\/\/portfolio.am3digitalmkt.com\/lojaam3\/wp-content\/uploads\/2024\/02\/1-236x300.png 236w, https:\/\/portfolio.am3digitalmkt.com\/lojaam3\/wp-content\/uploads\/2024\/02\/1-806x1024.png 806w, https:\/\/portfolio.am3digitalmkt.com\/lojaam3\/wp-content\/uploads\/2024\/02\/1-768x976.png 768w\" sizes=\"(max-width: 1080px) 100vw, 1080px\" \/>\t\t\t\t\t\t\t\t\t\t\t\t\t<\/div>\n\t\t\t\t<\/div>\n\t\t\t\t<div class=\"elementor-element elementor-element-9d8ae08 elementor-widget__width-initial elementor-widget elementor-widget-image\" data-id=\"9d8ae08\" data-element_type=\"widget\" data-widget_type=\"image.default\">\n\t\t\t\t<div class=\"elementor-widget-container\">\n\t\t\t\t\t\t\t\t\t\t\t\t\t<img loading=\"lazy\" decoding=\"async\" width=\"1080\" height=\"1372\" src=\"https:\/\/portfolio.am3digitalmkt.com\/lojaam3\/wp-content\/uploads\/2024\/02\/2.png\" class=\"elementor-animation-float attachment-full size-full wp-image-271\" alt=\"\" srcset=\"https:\/\/portfolio.am3digitalmkt.com\/lojaam3\/wp-content\/uploads\/2024\/02\/2.png 1080w, https:\/\/portfolio.am3digitalmkt.com\/lojaam3\/wp-content\/uploads\/2024\/02\/2-600x762.png 600w, https:\/\/portfolio.am3digitalmkt.com\/lojaam3\/wp-content\/uploads\/2024\/02\/2-64x81.png 64w, https:\/\/portfolio.am3digitalmkt.com\/lojaam3\/wp-content\/uploads\/2024\/02\/2-236x300.png 236w, https:\/\/portfolio.am3digitalmkt.com\/lojaam3\/wp-content\/uploads\/2024\/02\/2-806x1024.png 806w, https:\/\/portfolio.am3digitalmkt.com\/lojaam3\/wp-content\/uploads\/2024\/02\/2-768x976.png 768w\" sizes=\"(max-width: 1080px) 100vw, 1080px\" \/>\t\t\t\t\t\t\t\t\t\t\t\t\t<\/div>\n\t\t\t\t<\/div>\n\t\t\t\t<div class=\"elementor-element elementor-element-113294f elementor-widget__width-initial elementor-widget elementor-widget-image\" data-id=\"113294f\" data-element_type=\"widget\" data-widget_type=\"image.default\">\n\t\t\t\t<div class=\"elementor-widget-container\">\n\t\t\t\t\t\t\t\t\t\t\t\t\t<img loading=\"lazy\" decoding=\"async\" width=\"1080\" height=\"1372\" src=\"https:\/\/portfolio.am3digitalmkt.com\/lojaam3\/wp-content\/uploads\/2024\/02\/4-1.png\" class=\"elementor-animation-float attachment-full size-full wp-image-273\" alt=\"\" srcset=\"https:\/\/portfolio.am3digitalmkt.com\/lojaam3\/wp-content\/uploads\/2024\/02\/4-1.png 1080w, https:\/\/portfolio.am3digitalmkt.com\/lojaam3\/wp-content\/uploads\/2024\/02\/4-1-600x762.png 600w, https:\/\/portfolio.am3digitalmkt.com\/lojaam3\/wp-content\/uploads\/2024\/02\/4-1-64x81.png 64w, https:\/\/portfolio.am3digitalmkt.com\/lojaam3\/wp-content\/uploads\/2024\/02\/4-1-236x300.png 236w, https:\/\/portfolio.am3digitalmkt.com\/lojaam3\/wp-content\/uploads\/2024\/02\/4-1-806x1024.png 806w, https:\/\/portfolio.am3digitalmkt.com\/lojaam3\/wp-content\/uploads\/2024\/02\/4-1-768x976.png 768w\" sizes=\"(max-width: 1080px) 100vw, 1080px\" \/>\t\t\t\t\t\t\t\t\t\t\t\t\t<\/div>\n\t\t\t\t<\/div>\n\t\t\t\t\t<\/div>\n\t\t\t\t<\/div>\n\t\t\t\t<div class=\"elementor-element elementor-element-cd394c1 elementor-widget-divider--view-line_text elementor-widget-divider--element-align-center elementor-widget elementor-widget-divider\" data-id=\"cd394c1\" data-element_type=\"widget\" data-widget_type=\"divider.default\">\n\t\t\t\t<div class=\"elementor-widget-container\">\n\t\t\t\t\t<div class=\"elementor-divider\">\n\t\t\t<span class=\"elementor-divider-separator\">\n\t\t\t\t\t\t\t<h1 class=\"elementor-divider__text elementor-divider__element\">\n\t\t\t\tFAVORITOS\t\t\t\t<\/h1>\n\t\t\t\t\t\t<\/span>\n\t\t<\/div>\n\t\t\t\t<\/div>\n\t\t\t\t<\/div>\n\t\t\t\t<div class=\"elementor-element elementor-element-f8ea345 elementor-align-center elementor-widget elementor-widget-shopengine-product-list\" data-id=\"f8ea345\" data-element_type=\"widget\" data-widget_type=\"shopengine-product-list.default\">\n\t\t\t\t<div class=\"elementor-widget-container\">\n\t\t\t<div class=\"shopengine shopengine-widget\"><\/div>\t\t<\/div>\n\t\t\t\t<\/div>\n\t\t\t\t\t<\/div>\n\t\t\t\t<\/div>\n\t\t\t\t<\/div>\n\t\t","protected":false},"excerpt":{"rendered":"<p>Compre por categoria: Ver tudo Bebe Menina Bebe Menino Conjuntos Bodies Cal\u00e7ados Acess\u00f3rios LAN\u00c7AMENTOS Ver op\u00e7\u00f5es Conjuntos CONJUNTO PARA BEB\u00ca BODY E CAL Avalia\u00e7\u00e3o 0 de 5(0) &#82;&#36;&nbsp;89,90 &#82;&#36;&nbsp;79,90 Ver op\u00e7\u00f5es Bebe Menino Macac\u00e3o beb\u00ea manga longa com Avalia\u00e7\u00e3o 5.00 de 5(1) &#82;&#36;&nbsp;120,00 Comprar -47% Conjuntos Conjunto de P\u00e1scoa para Beb\u00ea Avalia\u00e7\u00e3o 0 de 5(0) [&hellip;]<\/p>\n","protected":false},"author":1,"featured_media":0,"parent":0,"menu_order":0,"comment_status":"closed","ping_status":"closed","template":"elementor_header_footer","meta":{"footnotes":""},"jetpack_sharing_enabled":true,"_links":{"self":[{"href":"https:\/\/portfolio.am3digitalmkt.com\/lojaam3\/wp-json\/wp\/v2\/pages\/60"}],"collection":[{"href":"https:\/\/portfolio.am3digitalmkt.com\/lojaam3\/wp-json\/wp\/v2\/pages"}],"about":[{"href":"https:\/\/portfolio.am3digitalmkt.com\/lojaam3\/wp-json\/wp\/v2\/types\/page"}],"author":[{"embeddable":true,"href":"https:\/\/portfolio.am3digitalmkt.com\/lojaam3\/wp-json\/wp\/v2\/users\/1"}],"replies":[{"embeddable":true,"href":"https:\/\/portfolio.am3digitalmkt.com\/lojaam3\/wp-json\/wp\/v2\/comments?post=60"}],"version-history":[{"count":112,"href":"https:\/\/portfolio.am3digitalmkt.com\/lojaam3\/wp-json\/wp\/v2\/pages\/60\/revisions"}],"predecessor-version":[{"id":584,"href":"https:\/\/portfolio.am3digitalmkt.com\/lojaam3\/wp-json\/wp\/v2\/pages\/60\/revisions\/584"}],"wp:attachment":[{"href":"https:\/\/portfolio.am3digitalmkt.com\/lojaam3\/wp-json\/wp\/v2\/media?parent=60"}],"curies":[{"name":"wp","href":"https:\/\/api.w.org\/{rel}","templated":true}]}}